	
		
		
	{"id":14,"date":"2017-11-07T06:25:55","date_gmt":"2017-11-07T08:25:55","guid":{"rendered":"http:\/\/buran-theme.site\/?page_id=14"},"modified":"2021-07-27T19:28:40","modified_gmt":"2021-07-27T22:28:40","slug":"agencia","status":"publish","type":"page","link":"http:\/\/www.saltodigital.com.br\/go\/agencia","title":{"rendered":"Ag\u00eancia"},"content":{"rendered":"<p>[vc_row oi_ellements_style=&#8221;Stick Together&#8221; css=&#8221;.vc_custom_1460707287608{margin-bottom: 0px !important;}&#8221;][vc_column][vc_single_image image=&#8221;4092&#8243; img_size=&#8221;1240&#215;600&#8243; css=&#8221;.vc_custom_1605797837250{margin-bottom: 0px !important;}&#8221;][\/vc_column][\/vc_row][vc_row css=&#8221;.vc_custom_1510045168666{margin-bottom: 0px !important;border-bottom-width: 0px !important;padding-top: 120px !important;padding-right: 40px !important;padding-bottom: 120px !important;padding-left: 40px !important;background-color: #ffffff !important;}&#8221;][vc_column width=&#8221;1\/2&#8243;][vc_column_text]<\/p>\n<h1>BEM-VINDO(A)<br \/>\nAO NOSSO MUNDO<\/h1>\n<h6>Since 2008<\/h6>\n<p>[\/vc_column_text][\/vc_column][vc_column width=&#8221;1\/2&#8243;][vc_column_text]<\/p>\n<p style=\"text-align: justify;\">A empresa SD Comunica\u00e7\u00e3o atua ao longo dos \u00faltimos doze anos de experi\u00eancia no mercado, acreditando que o grande fator de transforma\u00e7\u00f5es nas rela\u00e7\u00f5es pessoais e comerciais \u00e9 a COMUNICA\u00c7\u00c3O.<\/p>\n<p style=\"text-align: justify;\">Investindo assim constantemente na qualifica\u00e7\u00e3o de seus profissionais e na cria\u00e7\u00e3o de novos projetos objetivamos oferecer a voc\u00ea e sua empresa as mais avan\u00e7adas tecnologias da Web e facilitando a sua comunica\u00e7\u00e3o.<\/p>\n<p style=\"text-align: justify;\">Com base na analise do perfil e das necessidades de sua empresa atrav\u00e9s de uma equipe altamente qualificada, acreditamos que nossos servi\u00e7os n\u00e3o apenas existem, mas, geram resultados reais atrav\u00e9s do trabalho desenvolvido por uma equipe que une qualidade, agilidade e experi\u00eancia, oferecendo sempre o que h\u00e1 de mais moderno no mundo virtual.<\/p>\n<p style=\"text-align: justify;\">Ap\u00f3s a an\u00e1lise, ser\u00e1 feito o desenvolvimento e a implanta\u00e7\u00e3o de um projeto bem planejado, onde sua empresa poder\u00e1 se diferenciar no universo digital e ser vista pelo mundo, alcan\u00e7ando os ideais planejados.<br \/>\nNosso objetivo \u00e9 oferecer aos clientes solu\u00e7\u00f5es inovadoras, garantindo sempre o alto padr\u00e3o de qualidade nos servi\u00e7os.<\/p>\n<p>[\/vc_column_text][\/vc_column][\/vc_row][vc_row oi_ellements_style=&#8221;Stick Together&#8221; css=&#8221;.vc_custom_1510045231477{margin-top: 0px !important;margin-bottom: 0px !important;border-top-width: 0px !important;border-bottom-width: 0px !important;padding-top: 0px !important;padding-bottom: 0px !important;}&#8221; el_class=&#8221;stick_row&#8221;][vc_column width=&#8221;1\/3&#8243;]<div class=\"vc_team_member_holder\">\n\t \t\t\t<div class=\"vc_team_member_image_holder\">\n\t\t\t\t\t<div class=\"inner_img_holder\">\n\t\t\t\t\t\t\n\t\t\t\t\t<\/div>\n\t\t\t\t\t\n\t\t\t\t<\/div>\n\t\t\t\t\n\t\t\t <\/div>[\/vc_column][vc_column width=&#8221;1\/3&#8243;]<div class=\"vc_team_member_holder\">\n\t \t\t\t<div class=\"vc_team_member_image_holder\">\n\t\t\t\t\t<div class=\"inner_img_holder\">\n\t\t\t\t\t\t<img loading=\"lazy\" decoding=\"async\" width=\"2054\" height=\"2250\" src=\"http:\/\/www.saltodigital.com.br\/go\/wp-content\/uploads\/2020\/11\/27-Copia-2.jpg\" class=\"attachment-full img-responsive vc_team_member_image size-full img-responsive vc_team_member_image\" alt=\"\" srcset=\"http:\/\/www.saltodigital.com.br\/go\/wp-content\/uploads\/2020\/11\/27-Copia-2.jpg 2054w, http:\/\/www.saltodigital.com.br\/go\/wp-content\/uploads\/2020\/11\/27-Copia-2-274x300.jpg 274w, http:\/\/www.saltodigital.com.br\/go\/wp-content\/uploads\/2020\/11\/27-Copia-2-935x1024.jpg 935w, http:\/\/www.saltodigital.com.br\/go\/wp-content\/uploads\/2020\/11\/27-Copia-2-768x841.jpg 768w, http:\/\/www.saltodigital.com.br\/go\/wp-content\/uploads\/2020\/11\/27-Copia-2-1402x1536.jpg 1402w, http:\/\/www.saltodigital.com.br\/go\/wp-content\/uploads\/2020\/11\/27-Copia-2-1870x2048.jpg 1870w, http:\/\/www.saltodigital.com.br\/go\/wp-content\/uploads\/2020\/11\/27-Copia-2-1200x1315.jpg 1200w\" sizes=\"(max-width: 2054px) 100vw, 2054px\" \/>\n\t\t\t\t\t<\/div>\n\t\t\t\t\t\n\t <div class=\"oi_mask_holder\">\n\t\t<div class=\"oi_mask\">\n\t\t\t<div class=\"oi_team_cont_holder\">\n\t\t\t\t<h6><strong>Arnaldo Filho<\/strong><\/h6>\n\t\t\t\tCEO Founder\n\t\t\t\t<div class=\"oi_icons\"><a class=\"oi_mail\" href=\"mailto:arnaldo@saltodigital.com.br\"><i class=\"fa fa-envelope-o fa-fw\"><\/i><\/a><\/div>\n\t\t\t<\/div>\n\t\t<\/div>\n\t<\/div>\n\t\t\t\t<\/div>\n\t\t\t\t\n\t\t\t <\/div>[\/vc_column][vc_column width=&#8221;1\/3&#8243;]<div class=\"vc_team_member_holder\">\n\t \t\t\t<div class=\"vc_team_member_image_holder\">\n\t\t\t\t\t<div class=\"inner_img_holder\">\n\t\t\t\t\t\t\n\t\t\t\t\t<\/div>\n\t\t\t\t\t\n\t\t\t\t<\/div>\n\t\t\t\t\n\t\t\t <\/div>[\/vc_column][\/vc_row][vc_row css=&#8221;.vc_custom_1460707411229{margin-bottom: 0px !important;padding-top: 120px !important;padding-right: 40px !important;padding-bottom: 120px !important;padding-left: 40px !important;background-color: #ffffff !important;}&#8221;][vc_column width=&#8221;5\/12&#8243;][vc_column_text]<\/p>\n<h3 style=\"text-align: justify;\">NOSSA ABORDAGEM<\/h3>\n<p style=\"text-align: justify;\">Ser refer\u00eancia em Tecnologia e Publicidade Web na Am\u00e9rica Latina, reconhecida pela qualidade e inova\u00e7\u00e3o na presta\u00e7\u00e3o de servi\u00e7os.<\/p>\n<p>[\/vc_column_text][vc_column_text]<\/p>\n<h3 style=\"text-align: justify;\">METODOLOGIA<\/h3>\n<p style=\"text-align: justify;\">Trabalho em equipe, Lideran\u00e7a, Compromisso com o cliente, Respeito ao colaborador, \u00c9tica, Inova\u00e7\u00e3o e Qualidade.<\/p>\n<p>[\/vc_column_text][\/vc_column][vc_column width=&#8221;1\/6&#8243;][\/vc_column][vc_column width=&#8221;5\/12&#8243;]<div class=\"oi_custom_heading_holder\" style=\"margin-bottom:30px\"><div class=\"oi_heading_icon oi_heading_icon_left\"><i class=\"vc_li vc_li-star\" style=\"font-size:40px; line-height:40px; color:#0ddf6c\"><\/i><\/div><div class=\"oi_vc_heading oi_border_position_none\" style=\"text-align:left; \"><h5 style=\"color:#000000; font-style:normal;\" class=\"oi_icon_titile\">IDENTIDADE VISUAL<\/h5><p style=\"color:#666666; font-style:normal;\" class=\"oi_icon_sub_titile\">Estudo e cria\u00e7\u00e3o da marca, e comunica\u00e7\u00e3o visual completa com papelaria corporativa.<\/p><\/div><\/div><div class=\"oi_custom_heading_holder\" style=\"margin-bottom:30px\"><div class=\"oi_heading_icon oi_heading_icon_left\"><i class=\"vc_li vc_li-heart\" style=\"font-size:40px; line-height:40px; color:#0ddf6c\"><\/i><\/div><div class=\"oi_vc_heading oi_border_position_none\" style=\"text-align:left; \"><h5 style=\"color:#000000; font-style:normal;\" class=\"oi_icon_titile\">M\u00cdDIAS SOCIAIS<\/h5><p style=\"color:#666666; font-style:normal;\" class=\"oi_icon_sub_titile\">Atualiza\u00e7\u00e3o e material para redes sociais, monitoramento e impulsionamento das m\u00eddias.<\/p><\/div><\/div><div class=\"oi_custom_heading_holder\" style=\"margin-bottom:0\"><div class=\"oi_heading_icon oi_heading_icon_left\"><i class=\"vc_li vc_li-fire\" style=\"font-size:40px; line-height:40px; color:#0ddf6c\"><\/i><\/div><div class=\"oi_vc_heading oi_border_position_none\" style=\"text-align:left; \"><h5 style=\"color:#000000; font-style:normal;\" class=\"oi_icon_titile\">DESENVOLVIMENTO WEB<\/h5><p style=\"color:#666666; font-style:normal;\" class=\"oi_icon_sub_titile\">Desenvolvimento dos mais diversos tipos de sites, portais e e-commerce, hospedagem de sites e registro de dom\u00ednio.<\/p><\/div><\/div>[\/vc_column][\/vc_row][vc_row css=&#8221;.vc_custom_1421493750248{margin-bottom: 0px !important;padding-top: 120px !important;padding-bottom: 120px !important;background-color: #ebebeb !important;}&#8221; el_class=&#8221;full_row&#8221;][vc_column][vc_column_text]<\/p>\n<h1 style=\"text-align: center;\">CLIENTES \/ PARCEIROS<\/h1>\n<h6 style=\"text-align: center;\">N\u00f3s amamos todos eles<\/h6>\n<p>[\/vc_column_text][\/vc_column][\/vc_row][vc_row css=&#8221;.vc_custom_1605798305278{margin-bottom: 0px !important;background-image: url(https:\/\/saltodigital2.websiteseguro.com\/go\/wp-content\/uploads\/2020\/11\/WhatsApp-Image-2020-11-19-at-11.55.38-1.jpeg?id=4096) !important;background-position: center !important;background-repeat: no-repeat !important;background-size: cover !important;}&#8221; el_class=&#8221;full_row&#8221;][vc_column width=&#8221;1\/2&#8243; css=&#8221;.vc_custom_1421493969385{padding-top: 100px !important;padding-bottom: 100px !important;background-color: #ffffff !important;}&#8221;][vc_row_inner el_class=&#8221;full_row&#8221;][vc_column_inner width=&#8221;1\/3&#8243;][vc_single_image image=&#8221;4115&#8243; img_size=&#8221;full&#8221; alignment=&#8221;center&#8221;][\/vc_column_inner][vc_column_inner width=&#8221;1\/3&#8243;][vc_single_image image=&#8221;4112&#8243; img_size=&#8221;full&#8221; alignment=&#8221;center&#8221;][\/vc_column_inner][vc_column_inner width=&#8221;1\/3&#8243;][vc_single_image image=&#8221;4110&#8243; img_size=&#8221;full&#8221; alignment=&#8221;center&#8221;][\/vc_column_inner][\/vc_row_inner][vc_row_inner el_class=&#8221;full_row&#8221;][vc_column_inner width=&#8221;1\/3&#8243;][vc_single_image image=&#8221;4113&#8243; img_size=&#8221;full&#8221; alignment=&#8221;center&#8221;][\/vc_column_inner][vc_column_inner width=&#8221;1\/3&#8243;][vc_single_image image=&#8221;4111&#8243; img_size=&#8221;full&#8221; alignment=&#8221;center&#8221;][\/vc_column_inner][vc_column_inner width=&#8221;1\/3&#8243;][vc_single_image image=&#8221;4108&#8243; img_size=&#8221;full&#8221; alignment=&#8221;center&#8221;][\/vc_column_inner][\/vc_row_inner][vc_row_inner el_class=&#8221;full_row&#8221;][vc_column_inner width=&#8221;1\/3&#8243;][vc_single_image image=&#8221;4116&#8243; img_size=&#8221;full&#8221; alignment=&#8221;center&#8221;][\/vc_column_inner][vc_column_inner width=&#8221;1\/3&#8243;][vc_single_image image=&#8221;4109&#8243; img_size=&#8221;full&#8221; alignment=&#8221;center&#8221;][\/vc_column_inner][vc_column_inner width=&#8221;1\/3&#8243;][vc_single_image image=&#8221;4114&#8243; img_size=&#8221;full&#8221; alignment=&#8221;center&#8221;][\/vc_column_inner][\/vc_row_inner][\/vc_column][vc_column width=&#8221;1\/2&#8243;][\/vc_column][\/vc_row][vc_row css=&#8221;.vc_custom_1421493947674{margin-bottom: 0px !important;padding-top: 120px !important;padding-bottom: 120px !important;background-color: #000000 !important;}&#8221; font_color=&#8221;#ffffff&#8221; el_class=&#8221;full_row&#8221;][vc_column][vc_column_text]<iframe loading=\"lazy\" src=\"https:\/\/www.youtube.com\/embed\/3f4lIG_7oqk\" width=\"100%\" height=\"500\" frameborder=\"0\" allowfullscreen=\"allowfullscreen\"><\/iframe>[\/vc_column_text][\/vc_column][\/vc_row]<\/p>\n","protected":false},"excerpt":{"rendered":"<p>[vc_row oi_ellements_style=&#8221;Stick Together&#8221; css=&#8221;.vc_custom_1460707287608{margin-bottom: 0px !important;}&#8221;][vc_column][vc_single_image image=&#8221;4092&#8243; img_size=&#8221;1240&#215;600&#8243; css=&#8221;.vc_custom_1605797837250{margin-bottom: 0px !important;}&#8221;][\/vc_column][\/vc_row][vc_row css=&#8221;.vc_custom_1510045168666{margin-bottom: 0px !important;border-bottom-width: 0px !important;padding-top: 120px !important;padding-right: 40px !important;padding-bottom: 120px !important;padding-left: 40px !important;background-color: #ffffff !important;}&#8221;][vc_column width=&#8221;1\/2&#8243;][vc_column_text] BEM-VINDO(A) AO NOSSO MUNDO Since 2008 [\/vc_column_text][\/vc_column][vc_column width=&#8221;1\/2&#8243;][vc_column_text] A empresa SD Comunica\u00e7\u00e3o atua &hellip; <\/p>\n<div class=\"blogger-more-holder\"><a href=\"http:\/\/www.saltodigital.com.br\/go\/agencia\" class=\"more-link\">Continue reading<\/a><\/div>\n","protected":false},"author":1,"featured_media":0,"parent":0,"menu_order":0,"comment_status":"closed","ping_status":"closed","template":"","meta":{"footnotes":""},"yoast_head":"<!-- This site is optimized with the Yoast SEO plugin v15.9.2 - https:\/\/yoast.com\/wordpress\/plugins\/seo\/ -->\n<title>Ag\u00eancia &raquo; SD - Salto Digital<\/title>\n<meta name=\"description\" content=\"Conhe\u00e7a a SD Comunica\u00e7\u00e3o, empresa com profissionais especialistas em marketing digital, gest\u00e3o de redes, identidade visual e cria\u00e7\u00e3o de sites.\" \/>\n<link rel=\"canonical\" href=\"http:\/\/www.saltodigital.com.br\/go\/agencia\" \/>\n<meta property=\"og:locale\" content=\"pt_BR\" \/>\n<meta property=\"og:type\" content=\"article\" \/>\n<meta property=\"og:title\" content=\"Ag\u00eancia &raquo; SD - Salto Digital\" \/>\n<meta property=\"og:description\" content=\"Conhe\u00e7a a SD Comunica\u00e7\u00e3o, empresa com profissionais especialistas em marketing digital, gest\u00e3o de redes, identidade visual e cria\u00e7\u00e3o de sites.\" \/>\n<meta property=\"og:url\" content=\"http:\/\/www.saltodigital.com.br\/go\/agencia\" \/>\n<meta property=\"og:site_name\" content=\"SD - Salto Digital\" \/>\n<meta property=\"article:publisher\" content=\"https:\/\/www.facebook.com\/saltodigital\" \/>\n<meta property=\"article:modified_time\" content=\"2021-07-27T22:28:40+00:00\" \/>\n<meta name=\"twitter:card\" content=\"summary_large_image\" \/>\n<meta name=\"twitter:site\" content=\"@saltoalto\" \/>\n<meta name=\"twitter:label1\" content=\"Est. reading time\">\n\t<meta name=\"twitter:data1\" content=\"2 minutos\">\n<script type=\"application\/ld+json\" class=\"yoast-schema-graph\">{\"@context\":\"https:\/\/schema.org\",\"@graph\":[{\"@type\":\"Organization\",\"@id\":\"http:\/\/www.saltodigital.com.br\/go\/#organization\",\"name\":\"SD Comunica\\u00e7\\u00e3o\",\"url\":\"http:\/\/www.saltodigital.com.br\/go\/\",\"sameAs\":[\"https:\/\/www.facebook.com\/saltodigital\",\"http:\/\/instagram.com\/saltodigital\",\"https:\/\/twitter.com\/saltoalto\"],\"logo\":{\"@type\":\"ImageObject\",\"@id\":\"http:\/\/www.saltodigital.com.br\/go\/#logo\",\"inLanguage\":\"pt-BR\",\"url\":\"http:\/\/www.saltodigital.com.br\/go\/wp-content\/uploads\/2021\/03\/logo-site.png\",\"width\":235,\"height\":84,\"caption\":\"SD Comunica\\u00e7\\u00e3o\"},\"image\":{\"@id\":\"http:\/\/www.saltodigital.com.br\/go\/#logo\"}},{\"@type\":\"WebSite\",\"@id\":\"http:\/\/www.saltodigital.com.br\/go\/#website\",\"url\":\"http:\/\/www.saltodigital.com.br\/go\/\",\"name\":\"SD - Salto Digital\",\"description\":\"Ag\\u00eancia de marketing digital em Fortaleza | S\\u00e3o Paulo | Goi\\u00e2nia | Bras\\u00edlia\",\"publisher\":{\"@id\":\"http:\/\/www.saltodigital.com.br\/go\/#organization\"},\"potentialAction\":[{\"@type\":\"SearchAction\",\"target\":\"http:\/\/www.saltodigital.com.br\/go\/?s={search_term_string}\",\"query-input\":\"required name=search_term_string\"}],\"inLanguage\":\"pt-BR\"},{\"@type\":\"WebPage\",\"@id\":\"http:\/\/www.saltodigital.com.br\/go\/agencia#webpage\",\"url\":\"http:\/\/www.saltodigital.com.br\/go\/agencia\",\"name\":\"Ag\\u00eancia &raquo; SD - Salto Digital\",\"isPartOf\":{\"@id\":\"http:\/\/www.saltodigital.com.br\/go\/#website\"},\"datePublished\":\"2017-11-07T08:25:55+00:00\",\"dateModified\":\"2021-07-27T22:28:40+00:00\",\"description\":\"Conhe\\u00e7a a SD Comunica\\u00e7\\u00e3o, empresa com profissionais especialistas em marketing digital, gest\\u00e3o de redes, identidade visual e cria\\u00e7\\u00e3o de sites.\",\"breadcrumb\":{\"@id\":\"http:\/\/www.saltodigital.com.br\/go\/agencia#breadcrumb\"},\"inLanguage\":\"pt-BR\",\"potentialAction\":[{\"@type\":\"ReadAction\",\"target\":[\"http:\/\/www.saltodigital.com.br\/go\/agencia\"]}]},{\"@type\":\"BreadcrumbList\",\"@id\":\"http:\/\/www.saltodigital.com.br\/go\/agencia#breadcrumb\",\"itemListElement\":[{\"@type\":\"ListItem\",\"position\":1,\"item\":{\"@type\":\"WebPage\",\"@id\":\"http:\/\/www.saltodigital.com.br\/go\/\",\"url\":\"http:\/\/www.saltodigital.com.br\/go\/\",\"name\":\"In\\u00edcio\"}},{\"@type\":\"ListItem\",\"position\":2,\"item\":{\"@type\":\"WebPage\",\"@id\":\"http:\/\/www.saltodigital.com.br\/go\/agencia\",\"url\":\"http:\/\/www.saltodigital.com.br\/go\/agencia\",\"name\":\"Ag\\u00eancia\"}}]}]}<\/script>\n<!-- \/ Yoast SEO plugin. -->","_links":{"self":[{"href":"http:\/\/www.saltodigital.com.br\/go\/wp-json\/wp\/v2\/pages\/14"}],"collection":[{"href":"http:\/\/www.saltodigital.com.br\/go\/wp-json\/wp\/v2\/pages"}],"about":[{"href":"http:\/\/www.saltodigital.com.br\/go\/wp-json\/wp\/v2\/types\/page"}],"author":[{"embeddable":true,"href":"http:\/\/www.saltodigital.com.br\/go\/wp-json\/wp\/v2\/users\/1"}],"replies":[{"embeddable":true,"href":"http:\/\/www.saltodigital.com.br\/go\/wp-json\/wp\/v2\/comments?post=14"}],"version-history":[{"count":33,"href":"http:\/\/www.saltodigital.com.br\/go\/wp-json\/wp\/v2\/pages\/14\/revisions"}],"predecessor-version":[{"id":5292,"href":"http:\/\/www.saltodigital.com.br\/go\/wp-json\/wp\/v2\/pages\/14\/revisions\/5292"}],"wp:attachment":[{"href":"http:\/\/www.saltodigital.com.br\/go\/wp-json\/wp\/v2\/media?parent=14"}],"curies":[{"name":"wp","href":"https:\/\/api.w.org\/{rel}","templated":true}]}}