{"id":22,"date":"2017-11-07T06:45:25","date_gmt":"2017-11-07T06:45:25","guid":{"rendered":"http:\/\/buran-theme.site\/?page_id=22"},"modified":"2020-11-24T15:42:30","modified_gmt":"2020-11-24T18:42:30","slug":"blog","status":"publish","type":"page","link":"http:\/\/www.saltodigital.com.br\/go\/blog","title":{"rendered":"Blog"},"content":{"rendered":"<p>[vc_row][vc_column][vc_masonry_grid post_type=&#8221;post&#8221; max_items=&#8221;10&#8243; grid_id=&#8221;vc_gid:1606242447588-883fb02e-212b-1&#8243;][\/vc_column][\/vc_row]<\/p>\n","protected":false},"excerpt":{"rendered":"<p>[vc_row][vc_column][vc_masonry_grid post_type=&#8221;post&#8221; max_items=&#8221;10&#8243; grid_id=&#8221;vc_gid:1606242447588-883fb02e-212b-1&#8243;][\/vc_column][\/vc_row]<\/p>\n","protected":false},"author":1,"featured_media":0,"parent":0,"menu_order":0,"comment_status":"closed","ping_status":"closed","template":"","meta":{"footnotes":""},"yoast_head":"<!-- This site is optimized with the Yoast SEO plugin v15.9.2 - https:\/\/yoast.com\/wordpress\/plugins\/seo\/ -->\n<title>Blog &raquo; SD - Salto Digital<\/title>\n<meta name=\"description\" content=\"Conhe\u00e7a a SD Comunica\u00e7\u00e3o, empresa com profissionais especialistas em marketing digital, gest\u00e3o de redes, identidade visual e cria\u00e7\u00e3o de sites.\" \/>\n<link rel=\"canonical\" href=\"http:\/\/www.saltodigital.com.br\/go\/blog\" \/>\n<meta property=\"og:locale\" content=\"pt_BR\" \/>\n<meta property=\"og:type\" content=\"article\" \/>\n<meta property=\"og:title\" content=\"Blog &raquo; SD - Salto Digital\" \/>\n<meta property=\"og:description\" content=\"Conhe\u00e7a a SD Comunica\u00e7\u00e3o, empresa com profissionais especialistas em marketing digital, gest\u00e3o de redes, identidade visual e cria\u00e7\u00e3o de sites.\" \/>\n<meta property=\"og:url\" content=\"http:\/\/www.saltodigital.com.br\/go\/blog\" \/>\n<meta property=\"og:site_name\" content=\"SD - Salto Digital\" \/>\n<meta property=\"article:publisher\" content=\"https:\/\/www.facebook.com\/saltodigital\" \/>\n<meta property=\"article:modified_time\" content=\"2020-11-24T18:42:30+00:00\" \/>\n<meta name=\"twitter:card\" content=\"summary_large_image\" \/>\n<meta name=\"twitter:site\" content=\"@saltoalto\" \/>\n<script type=\"application\/ld+json\" class=\"yoast-schema-graph\">{\"@context\":\"https:\/\/schema.org\",\"@graph\":[{\"@type\":\"Organization\",\"@id\":\"http:\/\/www.saltodigital.com.br\/go\/#organization\",\"name\":\"SD Comunica\\u00e7\\u00e3o\",\"url\":\"http:\/\/www.saltodigital.com.br\/go\/\",\"sameAs\":[\"https:\/\/www.facebook.com\/saltodigital\",\"http:\/\/instagram.com\/saltodigital\",\"https:\/\/twitter.com\/saltoalto\"],\"logo\":{\"@type\":\"ImageObject\",\"@id\":\"http:\/\/www.saltodigital.com.br\/go\/#logo\",\"inLanguage\":\"pt-BR\",\"url\":\"http:\/\/www.saltodigital.com.br\/go\/wp-content\/uploads\/2021\/03\/logo-site.png\",\"width\":235,\"height\":84,\"caption\":\"SD Comunica\\u00e7\\u00e3o\"},\"image\":{\"@id\":\"http:\/\/www.saltodigital.com.br\/go\/#logo\"}},{\"@type\":\"WebSite\",\"@id\":\"http:\/\/www.saltodigital.com.br\/go\/#website\",\"url\":\"http:\/\/www.saltodigital.com.br\/go\/\",\"name\":\"SD - Salto Digital\",\"description\":\"Ag\\u00eancia de marketing digital em Fortaleza | S\\u00e3o Paulo | Goi\\u00e2nia | Bras\\u00edlia\",\"publisher\":{\"@id\":\"http:\/\/www.saltodigital.com.br\/go\/#organization\"},\"potentialAction\":[{\"@type\":\"SearchAction\",\"target\":\"http:\/\/www.saltodigital.com.br\/go\/?s={search_term_string}\",\"query-input\":\"required name=search_term_string\"}],\"inLanguage\":\"pt-BR\"},{\"@type\":\"WebPage\",\"@id\":\"http:\/\/www.saltodigital.com.br\/go\/blog#webpage\",\"url\":\"http:\/\/www.saltodigital.com.br\/go\/blog\",\"name\":\"Blog &raquo; SD - Salto Digital\",\"isPartOf\":{\"@id\":\"http:\/\/www.saltodigital.com.br\/go\/#website\"},\"datePublished\":\"2017-11-07T06:45:25+00:00\",\"dateModified\":\"2020-11-24T18:42:30+00:00\",\"description\":\"Conhe\\u00e7a a SD Comunica\\u00e7\\u00e3o, empresa com profissionais especialistas em marketing digital, gest\\u00e3o de redes, identidade visual e cria\\u00e7\\u00e3o de sites.\",\"breadcrumb\":{\"@id\":\"http:\/\/www.saltodigital.com.br\/go\/blog#breadcrumb\"},\"inLanguage\":\"pt-BR\",\"potentialAction\":[{\"@type\":\"ReadAction\",\"target\":[\"http:\/\/www.saltodigital.com.br\/go\/blog\"]}]},{\"@type\":\"BreadcrumbList\",\"@id\":\"http:\/\/www.saltodigital.com.br\/go\/blog#breadcrumb\",\"itemListElement\":[{\"@type\":\"ListItem\",\"position\":1,\"item\":{\"@type\":\"WebPage\",\"@id\":\"http:\/\/www.saltodigital.com.br\/go\/\",\"url\":\"http:\/\/www.saltodigital.com.br\/go\/\",\"name\":\"In\\u00edcio\"}},{\"@type\":\"ListItem\",\"position\":2,\"item\":{\"@type\":\"WebPage\",\"@id\":\"http:\/\/www.saltodigital.com.br\/go\/blog\",\"url\":\"http:\/\/www.saltodigital.com.br\/go\/blog\",\"name\":\"Blog\"}}]}]}<\/script>\n<!-- \/ Yoast SEO plugin. -->","_links":{"self":[{"href":"http:\/\/www.saltodigital.com.br\/go\/wp-json\/wp\/v2\/pages\/22"}],"collection":[{"href":"http:\/\/www.saltodigital.com.br\/go\/wp-json\/wp\/v2\/pages"}],"about":[{"href":"http:\/\/www.saltodigital.com.br\/go\/wp-json\/wp\/v2\/types\/page"}],"author":[{"embeddable":true,"href":"http:\/\/www.saltodigital.com.br\/go\/wp-json\/wp\/v2\/users\/1"}],"replies":[{"embeddable":true,"href":"http:\/\/www.saltodigital.com.br\/go\/wp-json\/wp\/v2\/comments?post=22"}],"version-history":[{"count":4,"href":"http:\/\/www.saltodigital.com.br\/go\/wp-json\/wp\/v2\/pages\/22\/revisions"}],"predecessor-version":[{"id":4217,"href":"http:\/\/www.saltodigital.com.br\/go\/wp-json\/wp\/v2\/pages\/22\/revisions\/4217"}],"wp:attachment":[{"href":"http:\/\/www.saltodigital.com.br\/go\/wp-json\/wp\/v2\/media?parent=22"}],"curies":[{"name":"wp","href":"https:\/\/api.w.org\/{rel}","templated":true}]}}