{"id":24,"date":"2017-11-07T06:45:38","date_gmt":"2017-11-07T08:45:38","guid":{"rendered":"http:\/\/buran-theme.site\/?page_id=24"},"modified":"2024-07-27T12:05:51","modified_gmt":"2024-07-27T15:05:51","slug":"contatos","status":"publish","type":"page","link":"http:\/\/www.saltodigital.com.br\/go\/contatos","title":{"rendered":"Contatos"},"content":{"rendered":"<p>[vc_row css=&#8221;.vc_custom_1510050382175{margin-top: -1px !important;}&#8221;][vc_column css=&#8221;.vc_custom_1489598641049{margin-top: -1px !important;}&#8221;][vc_gmaps link=&#8221;#E-8_JTNDaWZyYW1lJTIwc3JjJTNEJTIyaHR0cHMlM0ElMkYlMkZ3d3cuZ29vZ2xlLmNvbSUyRm1hcHMlMkZlbWJlZCUzRnBiJTNEJTIxMW0xOCUyMTFtMTIlMjExbTMlMjExZDM5ODEuMjI0ODI0MzYwMjQ3JTIxMmQtMzguNDg0Njc1ODg1Mjc4NCUyMTNkLTMuNzYxMTc4ODk3MjYzNjc3NyUyMTJtMyUyMTFmMCUyMTJmMCUyMTNmMCUyMTNtMiUyMTFpMTAyNCUyMTJpNzY4JTIxNGYxMy4xJTIxM20zJTIxMW0yJTIxMXMweDdjNzQ3ZmM2N2YyZTNmMyUyNTNBMHhkZDRmMGE0NmI1NDE4OTJiJTIxMnpVMFFnUTI5dGRXNXBZMkhEcDhPamJ3JTIxNWUwJTIxM20yJTIxMXNwdC1CUiUyMTJzdXMlMjE0djE2MDU3Mzg0MjQ3ODIlMjE1bTIlMjExc3B0LUJSJTIxMnN1cyUyMiUyMHdpZHRoJTNEJTIyNjAwJTIyJTIwaGVpZ2h0JTNEJTIyMzAwJTIyJTIwZnJhbWVib3JkZXIlM0QlMjIwJTIyJTIwc3R5bGUlM0QlMjJib3JkZXIlM0EwJTNCJTIyJTIwYWxsb3dmdWxsc2NyZWVuJTNEJTIyJTIyJTIwYXJpYS1oaWRkZW4lM0QlMjJmYWxzZSUyMiUyMHRhYmluZGV4JTNEJTIyMCUyMiUzRSUzQyUyRmlmcmFtZSUzRQ==&#8221;][\/vc_column][\/vc_row][vc_row oi_ellements_style=&#8221;Stick Together&#8221; css=&#8221;.vc_custom_1460704202683{padding-top: 120px !important;padding-right: 80px !important;padding-bottom: 120px !important;padding-left: 80px !important;background-color: #ffffff !important;}&#8221;][vc_column width=&#8221;1\/4&#8243;][vc_column_text]<\/p>\n<h1>OL\u00c1!<\/h1>\n<h6>Adorar\u00edamos receber mais informa\u00e7\u00f5es sobre voc\u00ea e como podemos ajud\u00e1-lo!<\/h6>\n<p>[\/vc_column_text][vc_column_text]<strong>Fortaleza, Cear\u00e1 &#8211; Brazil<\/strong><\/p>\n<p>+55 (85) 3046-0007 <a href=\"https:\/\/api.whatsapp.com\/send?phone=558530460007\" target=\"_blank\" rel=\"noopener noreferrer\"><strong><img loading=\"lazy\" decoding=\"async\" class=\"alignnone size-full wp-image-4285\" src=\"http:\/\/www.saltodigital.com.br\/go\/wp-content\/uploads\/2020\/11\/ico-wpp.png\" alt=\"\" width=\"16\" height=\"16\" \/><\/strong><\/a><br \/>\natendimento@saltodigital.com.br<\/p>\n<p>&#8212;&#8212;&#8212;&#8212;&#8212;<\/p>\n<p><strong>S\u00e3o Paulo &#8211; Brazil<\/strong><br \/>\n+55 (85) 9 8229-0007 <a href=\"https:\/\/api.whatsapp.com\/send?phone=5585982290007\" target=\"_blank\" rel=\"noopener noreferrer\"><strong><img loading=\"lazy\" decoding=\"async\" class=\"alignnone size-full wp-image-4285\" src=\"http:\/\/www.saltodigital.com.br\/go\/wp-content\/uploads\/2020\/11\/ico-wpp.png\" alt=\"\" width=\"16\" height=\"16\" \/><\/strong><\/a><br \/>\narnaldo@saltodigital.com.br<\/p>\n<p>&#8212;&#8212;&#8212;&#8212;&#8212;<\/p>\n<p><strong>Bras\u00edlia | Goi\u00e2nia &#8211; Brazil<\/strong><br \/>\n+55 (85) 9 8229-0007 <a href=\"https:\/\/api.whatsapp.com\/send?phone=5585982290007\" target=\"_blank\" rel=\"noopener noreferrer\"><strong><img loading=\"lazy\" decoding=\"async\" class=\"alignnone size-full wp-image-4285\" src=\"http:\/\/www.saltodigital.com.br\/go\/wp-content\/uploads\/2020\/11\/ico-wpp.png\" alt=\"\" width=\"16\" height=\"16\" \/><\/strong><\/a><br \/>\narnaldo@saltodigital.com.br[\/vc_column_text][\/vc_column][vc_column width=&#8221;1\/6&#8243;][\/vc_column][vc_column width=&#8221;7\/12&#8243;][vc_column_text]<div role=\"form\" class=\"wpcf7\" id=\"wpcf7-f4050-o1\" lang=\"en-US\" dir=\"ltr\">\n<div class=\"screen-reader-response\"><p role=\"status\" aria-live=\"polite\" aria-atomic=\"true\"><\/p> <ul><\/ul><\/div>\n<form action=\"\/go\/wp-json\/wp\/v2\/pages\/24#wpcf7-f4050-o1\" method=\"post\" class=\"wpcf7-form init\" novalidate=\"novalidate\" data-status=\"init\">\n<div style=\"display: none;\">\n<input type=\"hidden\" name=\"_wpcf7\" value=\"4050\" \/>\n<input type=\"hidden\" name=\"_wpcf7_version\" value=\"5.4\" \/>\n<input type=\"hidden\" name=\"_wpcf7_locale\" value=\"en_US\" \/>\n<input type=\"hidden\" name=\"_wpcf7_unit_tag\" value=\"wpcf7-f4050-o1\" \/>\n<input type=\"hidden\" name=\"_wpcf7_container_post\" value=\"0\" \/>\n<input type=\"hidden\" name=\"_wpcf7_posted_data_hash\" value=\"\" \/>\n<\/div>\n<div class=\"row\">\n<div class=\"col-lg-4 col-md-12\">\n<label>Nome*<\/label><br \/>\n<span class=\"wpcf7-form-control-wrap your-name\"><span class=\"wpcf7-form-control-wrap your-name\"><input type=\"text\" name=\"your-name\" value=\"\" size=\"40\" class=\"wpcf7-form-control wpcf7-text wpcf7-validates-as-required\" aria-required=\"true\" aria-invalid=\"false\" \/><\/span><\/span>\n<\/div>\n<div class=\"col-md-12 col-lg-4\">\n<label>e-mail*<\/label><br \/>\n<span class=\"wpcf7-form-control-wrap your-email\"><span class=\"wpcf7-form-control-wrap your-email\"><input type=\"email\" name=\"your-email\" value=\"\" size=\"40\" class=\"wpcf7-form-control wpcf7-text wpcf7-email wpcf7-validates-as-required wpcf7-validates-as-email\" aria-required=\"true\" aria-invalid=\"false\" \/><\/span><\/span>\n<\/div>\n<div class=\"col-lg-4 col-md-12\">\n<label>Assunto<\/label><br \/>\n<span class=\"wpcf7-form-control-wrap your-subject\"><span class=\"wpcf7-form-control-wrap your-subject\"><input type=\"text\" name=\"your-subject\" value=\"\" size=\"40\" class=\"wpcf7-form-control wpcf7-text\" aria-invalid=\"false\" \/><\/span><\/span>\n<\/div>\n<div class=\"col-md-12\">\n<label>Mensagem<\/label><br \/>\n<span class=\"wpcf7-form-control-wrap your-message\"><span class=\"wpcf7-form-control-wrap your-message\"><textarea name=\"your-message\" cols=\"40\" rows=\"10\" class=\"wpcf7-form-control wpcf7-textarea\" aria-invalid=\"false\"><\/textarea><\/span><\/span>\n<\/div>\n<div class=\"col-md-12\">\n<input type=\"submit\" value=\"Enviar\" class=\"wpcf7-form-control wpcf7-submit\" \/>\n<\/div>\n<\/div>\n<div class=\"wpcf7-response-output\" aria-hidden=\"true\"><\/div><\/form><\/div>[\/vc_column_text][\/vc_column][\/vc_row]<\/p>\n","protected":false},"excerpt":{"rendered":"<p>[vc_row css=&#8221;.vc_custom_1510050382175{margin-top: -1px !important;}&#8221;][vc_column css=&#8221;.vc_custom_1489598641049{margin-top: -1px !important;}&#8221;][vc_gmaps link=&#8221;#E-8_JTNDaWZyYW1lJTIwc3JjJTNEJTIyaHR0cHMlM0ElMkYlMkZ3d3cuZ29vZ2xlLmNvbSUyRm1hcHMlMkZlbWJlZCUzRnBiJTNEJTIxMW0xOCUyMTFtMTIlMjExbTMlMjExZDM5ODEuMjI0ODI0MzYwMjQ3JTIxMmQtMzguNDg0Njc1ODg1Mjc4NCUyMTNkLTMuNzYxMTc4ODk3MjYzNjc3NyUyMTJtMyUyMTFmMCUyMTJmMCUyMTNmMCUyMTNtMiUyMTFpMTAyNCUyMTJpNzY4JTIxNGYxMy4xJTIxM20zJTIxMW0yJTIxMXMweDdjNzQ3ZmM2N2YyZTNmMyUyNTNBMHhkZDRmMGE0NmI1NDE4OTJiJTIxMnpVMFFnUTI5dGRXNXBZMkhEcDhPamJ3JTIxNWUwJTIxM20yJTIxMXNwdC1CUiUyMTJzdXMlMjE0djE2MDU3Mzg0MjQ3ODIlMjE1bTIlMjExc3B0LUJSJTIxMnN1cyUyMiUyMHdpZHRoJTNEJTIyNjAwJTIyJTIwaGVpZ2h0JTNEJTIyMzAwJTIyJTIwZnJhbWVib3JkZXIlM0QlMjIwJTIyJTIwc3R5bGUlM0QlMjJib3JkZXIlM0EwJTNCJTIyJTIwYWxsb3dmdWxsc2NyZWVuJTNEJTIyJTIyJTIwYXJpYS1oaWRkZW4lM0QlMjJmYWxzZSUyMiUyMHRhYmluZGV4JTNEJTIyMCUyMiUzRSUzQyUyRmlmcmFtZSUzRQ==&#8221;][\/vc_column][\/vc_row][vc_row oi_ellements_style=&#8221;Stick Together&#8221; css=&#8221;.vc_custom_1460704202683{padding-top: 120px !important;padding-right: 80px !important;padding-bottom: 120px !important;padding-left: 80px !important;background-color: #ffffff !important;}&#8221;][vc_column width=&#8221;1\/4&#8243;][vc_column_text] OL\u00c1! Adorar\u00edamos receber mais informa\u00e7\u00f5es sobre voc\u00ea e como podemos ajud\u00e1-lo! [\/vc_column_text][vc_column_text]Fortaleza, Cear\u00e1 &#8211; Brazil +55 (85) 3046-0007 &hellip; <\/p>\n<div class=\"blogger-more-holder\"><a href=\"http:\/\/www.saltodigital.com.br\/go\/contatos\" class=\"more-link\">Continue reading<\/a><\/div>\n","protected":false},"author":1,"featured_media":0,"parent":0,"menu_order":0,"comment_status":"closed","ping_status":"closed","template":"","meta":{"footnotes":""},"yoast_head":"<!-- This site is optimized with the Yoast SEO plugin v15.9.2 - https:\/\/yoast.com\/wordpress\/plugins\/seo\/ -->\n<title>Contatos &raquo; SD - Salto Digital<\/title>\n<meta name=\"description\" content=\"Conhe\u00e7a a SD Comunica\u00e7\u00e3o, empresa com profissionais especialistas em marketing digital, gest\u00e3o de redes, identidade visual e cria\u00e7\u00e3o de sites.\" \/>\n<link rel=\"canonical\" href=\"http:\/\/www.saltodigital.com.br\/go\/contatos\" \/>\n<meta property=\"og:locale\" content=\"pt_BR\" \/>\n<meta property=\"og:type\" content=\"article\" \/>\n<meta property=\"og:title\" content=\"Contatos &raquo; SD - Salto Digital\" \/>\n<meta property=\"og:description\" content=\"Conhe\u00e7a a SD Comunica\u00e7\u00e3o, empresa com profissionais especialistas em marketing digital, gest\u00e3o de redes, identidade visual e cria\u00e7\u00e3o de sites.\" \/>\n<meta property=\"og:url\" content=\"http:\/\/www.saltodigital.com.br\/go\/contatos\" \/>\n<meta property=\"og:site_name\" content=\"SD - Salto Digital\" \/>\n<meta property=\"article:publisher\" content=\"https:\/\/www.facebook.com\/saltodigital\" \/>\n<meta property=\"article:modified_time\" content=\"2024-07-27T15:05:51+00:00\" \/>\n<meta property=\"og:image\" content=\"http:\/\/www.saltodigital.com.br\/go\/wp-content\/uploads\/2020\/11\/ico-wpp.png\" \/>\n<meta name=\"twitter:card\" content=\"summary_large_image\" \/>\n<meta name=\"twitter:site\" content=\"@saltoalto\" \/>\n<meta name=\"twitter:label1\" content=\"Est. reading time\">\n\t<meta name=\"twitter:data1\" content=\"1 minuto\">\n<script type=\"application\/ld+json\" class=\"yoast-schema-graph\">{\"@context\":\"https:\/\/schema.org\",\"@graph\":[{\"@type\":\"Organization\",\"@id\":\"http:\/\/www.saltodigital.com.br\/go\/#organization\",\"name\":\"SD Comunica\\u00e7\\u00e3o\",\"url\":\"http:\/\/www.saltodigital.com.br\/go\/\",\"sameAs\":[\"https:\/\/www.facebook.com\/saltodigital\",\"http:\/\/instagram.com\/saltodigital\",\"https:\/\/twitter.com\/saltoalto\"],\"logo\":{\"@type\":\"ImageObject\",\"@id\":\"http:\/\/www.saltodigital.com.br\/go\/#logo\",\"inLanguage\":\"pt-BR\",\"url\":\"http:\/\/www.saltodigital.com.br\/go\/wp-content\/uploads\/2021\/03\/logo-site.png\",\"width\":235,\"height\":84,\"caption\":\"SD Comunica\\u00e7\\u00e3o\"},\"image\":{\"@id\":\"http:\/\/www.saltodigital.com.br\/go\/#logo\"}},{\"@type\":\"WebSite\",\"@id\":\"http:\/\/www.saltodigital.com.br\/go\/#website\",\"url\":\"http:\/\/www.saltodigital.com.br\/go\/\",\"name\":\"SD - Salto Digital\",\"description\":\"Ag\\u00eancia de marketing digital em Fortaleza | S\\u00e3o Paulo | Goi\\u00e2nia | Bras\\u00edlia\",\"publisher\":{\"@id\":\"http:\/\/www.saltodigital.com.br\/go\/#organization\"},\"potentialAction\":[{\"@type\":\"SearchAction\",\"target\":\"http:\/\/www.saltodigital.com.br\/go\/?s={search_term_string}\",\"query-input\":\"required name=search_term_string\"}],\"inLanguage\":\"pt-BR\"},{\"@type\":\"ImageObject\",\"@id\":\"http:\/\/www.saltodigital.com.br\/go\/contatos#primaryimage\",\"inLanguage\":\"pt-BR\",\"url\":\"http:\/\/www.saltodigital.com.br\/go\/wp-content\/uploads\/2020\/11\/ico-wpp.png\",\"width\":16,\"height\":16},{\"@type\":\"WebPage\",\"@id\":\"http:\/\/www.saltodigital.com.br\/go\/contatos#webpage\",\"url\":\"http:\/\/www.saltodigital.com.br\/go\/contatos\",\"name\":\"Contatos &raquo; SD - Salto Digital\",\"isPartOf\":{\"@id\":\"http:\/\/www.saltodigital.com.br\/go\/#website\"},\"primaryImageOfPage\":{\"@id\":\"http:\/\/www.saltodigital.com.br\/go\/contatos#primaryimage\"},\"datePublished\":\"2017-11-07T08:45:38+00:00\",\"dateModified\":\"2024-07-27T15:05:51+00:00\",\"description\":\"Conhe\\u00e7a a SD Comunica\\u00e7\\u00e3o, empresa com profissionais especialistas em marketing digital, gest\\u00e3o de redes, identidade visual e cria\\u00e7\\u00e3o de sites.\",\"breadcrumb\":{\"@id\":\"http:\/\/www.saltodigital.com.br\/go\/contatos#breadcrumb\"},\"inLanguage\":\"pt-BR\",\"potentialAction\":[{\"@type\":\"ReadAction\",\"target\":[\"http:\/\/www.saltodigital.com.br\/go\/contatos\"]}]},{\"@type\":\"BreadcrumbList\",\"@id\":\"http:\/\/www.saltodigital.com.br\/go\/contatos#breadcrumb\",\"itemListElement\":[{\"@type\":\"ListItem\",\"position\":1,\"item\":{\"@type\":\"WebPage\",\"@id\":\"http:\/\/www.saltodigital.com.br\/go\/\",\"url\":\"http:\/\/www.saltodigital.com.br\/go\/\",\"name\":\"In\\u00edcio\"}},{\"@type\":\"ListItem\",\"position\":2,\"item\":{\"@type\":\"WebPage\",\"@id\":\"http:\/\/www.saltodigital.com.br\/go\/contatos\",\"url\":\"http:\/\/www.saltodigital.com.br\/go\/contatos\",\"name\":\"Contatos\"}}]}]}<\/script>\n<!-- \/ Yoast SEO plugin. -->","_links":{"self":[{"href":"http:\/\/www.saltodigital.com.br\/go\/wp-json\/wp\/v2\/pages\/24"}],"collection":[{"href":"http:\/\/www.saltodigital.com.br\/go\/wp-json\/wp\/v2\/pages"}],"about":[{"href":"http:\/\/www.saltodigital.com.br\/go\/wp-json\/wp\/v2\/types\/page"}],"author":[{"embeddable":true,"href":"http:\/\/www.saltodigital.com.br\/go\/wp-json\/wp\/v2\/users\/1"}],"replies":[{"embeddable":true,"href":"http:\/\/www.saltodigital.com.br\/go\/wp-json\/wp\/v2\/comments?post=24"}],"version-history":[{"count":13,"href":"http:\/\/www.saltodigital.com.br\/go\/wp-json\/wp\/v2\/pages\/24\/revisions"}],"predecessor-version":[{"id":9552,"href":"http:\/\/www.saltodigital.com.br\/go\/wp-json\/wp\/v2\/pages\/24\/revisions\/9552"}],"wp:attachment":[{"href":"http:\/\/www.saltodigital.com.br\/go\/wp-json\/wp\/v2\/media?parent=24"}],"curies":[{"name":"wp","href":"https:\/\/api.w.org\/{rel}","templated":true}]}}