	
	{"id":4045,"date":"2017-11-07T06:10:16","date_gmt":"2017-11-07T06:10:16","guid":{"rendered":"http:\/\/buran-theme.site\/?page_id=10"},"modified":"2021-03-04T20:58:40","modified_gmt":"2021-03-04T23:58:40","slug":"home","status":"publish","type":"page","link":"http:\/\/www.saltodigital.com.br\/go\/","title":{"rendered":"Home"},"content":{"rendered":"<p>[vc_row el_class=&#8221;stick_row&#8221;][vc_column width=&#8221;1\/3&#8243;]<div class=\"st_sf_strange_portfolio_item st_sf_port_style_ii\">\n        <div class=\"st_sf_vc_potrfolio item_height_x2\" style=\"background:url(http:\/\/www.saltodigital.com.br\/go\/wp-content\/uploads\/2017\/11\/solange-cd.jpg);\">\n            <a href=\"http:\/\/www.saltodigital.com.br\/go\/portfolio\/cd-solangealmeida\">\n            <div class=\"st_sf_vc_port_mask\"  style=\"background:#cdb48c\">\n                <div class=\"text-center\">\n                    <div class=\"hover_overlay\">\n                        <h3 class=\"st_sf_sub_legend\" style=\"color:#fff\">CD Promocional<\/h3>\n                        <div class=\"st_sf_vc_sep\" style=\"background:#fff\"><\/div>\n                        <div class=\"st_sf_vc_port_cat\" style=\"color:#fff\">Solange Almeida<\/div>\n                    <\/div>\n                <\/div>\n            <\/div>\n            <\/a>\n        <\/div>\n    <\/div>[\/vc_column][vc_column width=&#8221;2\/3&#8243;][vc_row_inner][vc_column_inner width=&#8221;2\/3&#8243;]<div class=\"oi_vc_text item_height_x2\" style=\"background-color:#ffffff\">\n\t\t\t\t\t<div class=\"oi_vc_text_span\"><\/p>\n<h1>ideias que mudam<\/h1>\n<p>Gerando resultados para diversas marcas em<br \/>\nmais de doze anos de atua\u00e7\u00e3o na \u00e1rea de publicidade.<\/div>\n\t\t\t   <\/div>[\/vc_column_inner][vc_column_inner width=&#8221;1\/3&#8243;]<div class=\"st_sf_strange_portfolio_item st_sf_port_style_ii\">\n        <div class=\"st_sf_vc_potrfolio item_height_x1\" style=\"background:url(http:\/\/www.saltodigital.com.br\/go\/wp-content\/uploads\/2017\/11\/logo-7tons-1.jpg);\">\n            <a href=\"http:\/\/www.saltodigital.com.br\/go\/portfolio\/7-tons-eventos\">\n            <div class=\"st_sf_vc_port_mask\"  style=\"background:#ff6633\">\n                <div class=\"text-center\">\n                    <div class=\"hover_overlay\">\n                        <h3 class=\"st_sf_sub_legend\" style=\"color:#fff\">Identidade Visual<\/h3>\n                        <div class=\"st_sf_vc_sep\" style=\"background:#fff\"><\/div>\n                        <div class=\"st_sf_vc_port_cat\" style=\"color:#fff\">7 Tons Eventos<\/div>\n                    <\/div>\n                <\/div>\n            <\/div>\n            <\/a>\n        <\/div>\n    <\/div><div class=\"oi_vc_text item_height_x1\" style=\"background-color:#ffffff\">\n\t\t\t\t\t<div class=\"oi_vc_text_span\"><\/p>\n<h3 style=\"text-align: center;\"><a href=\"agencia\/\">AG\u00caNCIA<\/a><\/h3>\n<p><\/div>\n\t\t\t   <\/div>[\/vc_column_inner][\/vc_row_inner][\/vc_column][\/vc_row][vc_row el_class=&#8221;stick_row&#8221;][vc_column width=&#8221;1\/3&#8243;]<div class=\"oi_vc_text item_height_x1\" style=\"background-color:#ffffff\">\n\t\t\t\t\t<div class=\"oi_vc_text_span\">Trazemos uma abordagem pessoal e inspirada para cada projeto em que trabalhamos, \u00e9 por isso que nossos clientes nos amam e eles sempre voltam.<\/div>\n\t\t\t   <\/div>[\/vc_column][vc_column width=&#8221;2\/3&#8243;][vc_row_inner][vc_column_inner width=&#8221;1\/3&#8243;]<div class=\"st_sf_strange_portfolio_item st_sf_port_style_ii\">\n        <div class=\"st_sf_vc_potrfolio item_height_x1\" style=\"background:url(http:\/\/www.saltodigital.com.br\/go\/wp-content\/uploads\/2017\/11\/bell-marques.jpg);\">\n            <a href=\"http:\/\/www.saltodigital.com.br\/go\/portfolio\/bloco-vumbora\">\n            <div class=\"st_sf_vc_port_mask\"  style=\"background:#77cfd0\">\n                <div class=\"text-center\">\n                    <div class=\"hover_overlay\">\n                        <h3 class=\"st_sf_sub_legend\" style=\"color:#fff\">Bloco Vumbora!<\/h3>\n                        <div class=\"st_sf_vc_sep\" style=\"background:#fff\"><\/div>\n                        <div class=\"st_sf_vc_port_cat\" style=\"color:#fff\">Bell Marques<\/div>\n                    <\/div>\n                <\/div>\n            <\/div>\n            <\/a>\n        <\/div>\n    <\/div>[\/vc_column_inner][vc_column_inner width=&#8221;1\/3&#8243;]<div class=\"oi_vc_text item_height_x1\" style=\"background-color:#ffffff\">\n\t\t\t\t\t<div class=\"oi_vc_text_span\"><\/p>\n<h3 style=\"text-align: center;\"><a href=\"servicos\/\">SERVI\u00c7OS<\/a><\/h3>\n<p><\/div>\n\t\t\t   <\/div>[\/vc_column_inner][vc_column_inner width=&#8221;1\/3&#8243;]<div class=\"st_sf_strange_portfolio_item st_sf_port_style_ii\">\n        <div class=\"st_sf_vc_potrfolio item_height_x1\" style=\"background:url(http:\/\/www.saltodigital.com.br\/go\/wp-content\/uploads\/2017\/11\/artesite-01.png);\">\n            <a href=\"http:\/\/www.saltodigital.com.br\/go\/portfolio\/suco-terra-sol\">\n            <div class=\"st_sf_vc_port_mask\"  style=\"background:#ebc483\">\n                <div class=\"text-center\">\n                    <div class=\"hover_overlay\">\n                        <h3 class=\"st_sf_sub_legend\" style=\"color:#403224\">Suco Terra Sol<\/h3>\n                        <div class=\"st_sf_vc_sep\" style=\"background:#403224\"><\/div>\n                        <div class=\"st_sf_vc_port_cat\" style=\"color:#403224\">S\u00e3o Braz Bebidas<\/div>\n                    <\/div>\n                <\/div>\n            <\/div>\n            <\/a>\n        <\/div>\n    <\/div>[\/vc_column_inner][\/vc_row_inner][\/vc_column][\/vc_row][vc_row el_class=&#8221;stick_row&#8221;][vc_column width=&#8221;1\/3&#8243;]<div class=\"st_sf_strange_portfolio_item st_sf_port_style_ii\">\n        <div class=\"st_sf_vc_potrfolio item_height_x1\" style=\"background:url(http:\/\/www.saltodigital.com.br\/go\/wp-content\/uploads\/2017\/11\/acclame.jpg);\">\n            <a href=\"http:\/\/www.saltodigital.com.br\/go\/portfolio\/acclame-patisserie\">\n            <div class=\"st_sf_vc_port_mask\"  style=\"background:#fff0bb\">\n                <div class=\"text-center\">\n                    <div class=\"hover_overlay\">\n                        <h3 class=\"st_sf_sub_legend\" style=\"color:#000\">Acclam\u00e9 Patisserie<\/h3>\n                        <div class=\"st_sf_vc_sep\" style=\"background:#000\"><\/div>\n                        <div class=\"st_sf_vc_port_cat\" style=\"color:#000\">Logos<\/div>\n                    <\/div>\n                <\/div>\n            <\/div>\n            <\/a>\n        <\/div>\n    <\/div><div class=\"oi_vc_text item_height_x1\" style=\"background-color:#ffffff\">\n\t\t\t\t\t<div class=\"oi_vc_text_span\"><div class=\"oi_custom_heading_holder\" style=\"margin-bottom:20px\"><div class=\"oi_vc_heading oi_border_position_bottom\" style=\"text-align:center; \"><div class=\"oi_heading_icon oi_heading_icon_center\"><i class=\"vc_li vc_li-display\" style=\"font-size:34px; line-height:34px; color:#000000\"><\/i><\/div><h3 style=\"color:#222222; font-style:normal;\" class=\"oi_icon_titile\">Design Gr\u00e1fico<\/h3><p style=\"color:#666666; font-style:normal;\" class=\"oi_icon_sub_titile\">Raster &amp; Vector Ggraphics<\/p><div class=\"oi_heading_border oi_border_position_bottom\" style=\"text-align:center;\"><span style=\"text-align:center; width:100px; border-top:1px solid #e8e8e8;\"><\/span><\/div><\/div><\/div>[vc_column_text]<br \/>\n[\/vc_column_text]<\/div>\n\t\t\t   <\/div>[\/vc_column][vc_column width=&#8221;2\/3&#8243;][vc_row_inner][vc_column_inner width=&#8221;2\/3&#8243;]<div class=\"st_sf_strange_portfolio_item st_sf_port_style_ii\">\n        <div class=\"st_sf_vc_potrfolio item_height_x2\" style=\"background:url(http:\/\/www.saltodigital.com.br\/go\/wp-content\/uploads\/2021\/03\/notebook-saobraz2.jpg);\">\n            <a href=\"http:\/\/www.saltodigital.com.br\/go\/portfolio\/website-industria-sb\">\n            <div class=\"st_sf_vc_port_mask\"  style=\"background:#e8e8e8\">\n                <div class=\"text-center\">\n                    <div class=\"hover_overlay\">\n                        <h3 class=\"st_sf_sub_legend\" style=\"color:#000\">WebSite Ind\u00fastria SB<\/h3>\n                        <div class=\"st_sf_vc_sep\" style=\"background:#000\"><\/div>\n                        <div class=\"st_sf_vc_port_cat\" style=\"color:#000\">S\u00e3o Braz Bebidas<\/div>\n                    <\/div>\n                <\/div>\n            <\/div>\n            <\/a>\n        <\/div>\n    <\/div>[\/vc_column_inner][vc_column_inner width=&#8221;1\/3&#8243;]<div class=\"oi_vc_text item_height_x1\" style=\"background-color:#ffffff\">\n\t\t\t\t\t<div class=\"oi_vc_text_span\"><\/p>\n<h3 style=\"text-align: center;\"><a href=\"portfolio\/\">PORTF\u00d3LIO<\/a><\/h3>\n<p><\/div>\n\t\t\t   <\/div><div class=\"oi_vc_text oi_vc_clock text-center item_height_x1\">\n\t<div class=\"oi_clock_mask_holder\">\n\t\t<a href=\"#\"  data-remodal-target=\"clock\"><div class=\"oi_clock_mask\">\u00c9 HORA DE ENTRAR EM CONTATO<\/div><\/a>\n\t<\/div>\n\t<div class=\"oi_vc_text_span text-center\">\n\t\t<div class=\"app\">\n\n\t\t\t<div class=\"clock\">\n\n\t\t\t\t<div class=\"clock-inner\">\n\n\t\t\t\t\t<div class=\"clock-center\"><\/div>\n\t\t\t\t\t<div id=\"clock-seconds\"><\/div>\n\t\t\t\t\t<div id=\"clock-minutes\"><\/div>\n\t\t\t\t\t<div id=\"clock-hours\"><\/div>\n\n\t\t\t\t\t<ul class=\"clock-numbers\">\n\n\t\t\t\t\t\t<li>12<\/li>\n\t\t\t\t\t\t<li>3<\/li>\n\t\t\t\t\t\t<li>6<\/li>\n\t\t\t\t\t\t<li>9<\/li>\n\n\t\t\t\t\t<\/ul>\n\n\t\t\t\t<\/div> <!-- end clock-inner -->\n\n\t\t\t<\/div> <!-- end clock -->\n\t\t<\/div> <!-- end app -->\n\t<\/div>\n<\/div>\n\n<!-- Modal -->\n<div class=\"remodal\" style=\"\" data-remodal-id=\"clock\">\n\t\t\t\t  <button data-remodal-action=\"close\" class=\"remodal-close\"><\/button>\n\t\t\t\t  <\/p>\n<h2>Manter contato<\/h2>\n<p><strong>[SP]<\/strong> +55 (11) 9 8930-2250 <a href=\"https:\/\/api.whatsapp.com\/send?phone=5511989302250\" target=\"_blank\" rel=\"noopener noreferrer\"><img loading=\"lazy\" decoding=\"async\" class=\"alignnone size-full wp-image-4285\" src=\"http:\/\/www.saltodigital.com.br\/go\/wp-content\/uploads\/2020\/11\/ico-wpp.png\" alt=\"\" width=\"16\" height=\"16\" \/><\/a>\u00a0 <strong>[CE]<\/strong> +55 (85) 3182-1553 <a href=\"https:\/\/api.whatsapp.com\/send?phone=558531821553\" target=\"_blank\" rel=\"noopener noreferrer\"><img loading=\"lazy\" decoding=\"async\" class=\"alignnone size-full wp-image-4285\" src=\"http:\/\/www.saltodigital.com.br\/go\/wp-content\/uploads\/2020\/11\/ico-wpp.png\" alt=\"\" width=\"16\" height=\"16\" \/><\/a><br \/>\n<strong>e-mail:<\/strong> atendimento@saltodigital.com.br<\/p>\n<hr \/>\n<p style=\"text-align: left;\"><div role=\"form\" class=\"wpcf7\" id=\"wpcf7-f4050-o1\" lang=\"en-US\" dir=\"ltr\">\n<div class=\"screen-reader-response\"><p role=\"status\" aria-live=\"polite\" aria-atomic=\"true\"><\/p> <ul><\/ul><\/div>\n<form action=\"\/go\/wp-json\/wp\/v2\/pages\/4045#wpcf7-f4050-o1\" method=\"post\" class=\"wpcf7-form init\" novalidate=\"novalidate\" data-status=\"init\">\n<div style=\"display: none;\">\n<input type=\"hidden\" name=\"_wpcf7\" value=\"4050\" \/>\n<input type=\"hidden\" name=\"_wpcf7_version\" value=\"5.4\" \/>\n<input type=\"hidden\" name=\"_wpcf7_locale\" value=\"en_US\" \/>\n<input type=\"hidden\" name=\"_wpcf7_unit_tag\" value=\"wpcf7-f4050-o1\" \/>\n<input type=\"hidden\" name=\"_wpcf7_container_post\" value=\"0\" \/>\n<input type=\"hidden\" name=\"_wpcf7_posted_data_hash\" value=\"\" \/>\n<\/div>\n<div class=\"row\">\n<div class=\"col-lg-4 col-md-12\">\n<label>Nome*<\/label><br \/>\n<span class=\"wpcf7-form-control-wrap your-name\"><span class=\"wpcf7-form-control-wrap your-name\"><input type=\"text\" name=\"your-name\" value=\"\" size=\"40\" class=\"wpcf7-form-control wpcf7-text wpcf7-validates-as-required\" aria-required=\"true\" aria-invalid=\"false\" \/><\/span><\/span>\n<\/div>\n<div class=\"col-md-12 col-lg-4\">\n<label>e-mail*<\/label><br \/>\n<span class=\"wpcf7-form-control-wrap your-email\"><span class=\"wpcf7-form-control-wrap your-email\"><input type=\"email\" name=\"your-email\" value=\"\" size=\"40\" class=\"wpcf7-form-control wpcf7-text wpcf7-email wpcf7-validates-as-required wpcf7-validates-as-email\" aria-required=\"true\" aria-invalid=\"false\" \/><\/span><\/span>\n<\/div>\n<div class=\"col-lg-4 col-md-12\">\n<label>Assunto<\/label><br \/>\n<span class=\"wpcf7-form-control-wrap your-subject\"><span class=\"wpcf7-form-control-wrap your-subject\"><input type=\"text\" name=\"your-subject\" value=\"\" size=\"40\" class=\"wpcf7-form-control wpcf7-text\" aria-invalid=\"false\" \/><\/span><\/span>\n<\/div>\n<div class=\"col-md-12\">\n<label>Mensagem<\/label><br \/>\n<span class=\"wpcf7-form-control-wrap your-message\"><span class=\"wpcf7-form-control-wrap your-message\"><textarea name=\"your-message\" cols=\"40\" rows=\"10\" class=\"wpcf7-form-control wpcf7-textarea\" aria-invalid=\"false\"><\/textarea><\/span><\/span>\n<\/div>\n<div class=\"col-md-12\">\n<input type=\"submit\" value=\"Enviar\" class=\"wpcf7-form-control wpcf7-submit\" \/>\n<\/div>\n<\/div>\n<div class=\"wpcf7-response-output\" aria-hidden=\"true\"><\/div><\/form><\/div>\n<p>\n\t\t\t\t<\/div>\n<script>\njQuery.noConflict()(function($){\n(function() {\n\n\tvar clockSeconds = document.getElementById(\"clock-seconds\"),\n\tclockMinutes = document.getElementById(\"clock-minutes\"),\n\tclockHours = document.getElementById(\"clock-hours\");\n\n\tfunction getTime() {\n\n\t\tvar date = new Date(),\n\t\tseconds = date.getSeconds(),\n\t\tminutes = date.getMinutes(),\n\t\thours = date.getHours(),\n\n\t\tdegSeconds = seconds * 360 \/ 60,\n\t\tdegMinutes = (minutes + seconds \/ 60) * 360 \/ 60,\n\t\tdegHours = (hours + minutes \/ 60 + seconds \/ 60 \/ 60) * 360 \/ 12;\n\n\t\tclockSeconds.setAttribute(\"style\", \"-webkit-transform: rotate(\" + degSeconds + \"deg); -moz-transform: rotate(\" + degSeconds + \"deg); -ms-transform: rotate(\" + degSeconds + \"deg); -o-transform: rotate(\" + degSeconds + \"deg); transform: rotate(\" + degSeconds + \"deg);\");\n\t\tclockMinutes.setAttribute(\"style\", \"-webkit-transform: rotate(\" + degMinutes + \"deg); -moz-transform: rotate(\" + degMinutes + \"deg); -ms-transform: rotate(\" + degMinutes + \"deg); -o-transform: rotate(\" + degMinutes + \"deg); transform: rotate(\" + degMinutes + \"deg);\");\n\t\tclockHours.setAttribute(\"style\", \"-webkit-transform: rotate(\" + degHours + \"deg); -moz-transform: rotate(\" + degHours + \"deg); -ms-transform: rotate(\" + degHours + \"deg); -o-transform: rotate(\" + degHours + \"deg); transform: rotate(\" + degHours + \"deg);\");\n\t}\n\n\tsetInterval(getTime, 1000);\n\tgetTime();\n\n} ());});\n<\/script>\n[\/vc_column_inner][\/vc_row_inner][\/vc_column][\/vc_row][vc_row el_class=&#8221;stick_row&#8221;][vc_column width=&#8221;1\/3&#8243;]<div class=\"st_sf_strange_portfolio_item st_sf_port_style_ii\">\n        <div class=\"st_sf_vc_potrfolio item_height_x1\" style=\"background:url(http:\/\/www.saltodigital.com.br\/go\/wp-content\/uploads\/2017\/11\/1hj.jpg);\">\n            <a href=\"http:\/\/www.saltodigital.com.br\/go\/portfolio\/entre-nos-minha-historia\">\n            <div class=\"st_sf_vc_port_mask\"  style=\"background:#82DC7E\">\n                <div class=\"text-center\">\n                    <div class=\"hover_overlay\">\n                        <h3 class=\"st_sf_sub_legend\" style=\"color:#000\">Entre n\u00f3s, Minha Hist\u00f3ria<\/h3>\n                        <div class=\"st_sf_vc_sep\" style=\"background:#000\"><\/div>\n                        <div class=\"st_sf_vc_port_cat\" style=\"color:#000\">Solange Almeida<\/div>\n                    <\/div>\n                <\/div>\n            <\/div>\n            <\/a>\n        <\/div>\n    <\/div>[\/vc_column][vc_column width=&#8221;2\/3&#8243;][vc_row_inner][vc_column_inner width=&#8221;1\/3&#8243;]<div class=\"oi_vc_text item_height_x1\" style=\"background-color:#ffffff\">\n\t\t\t\t\t<div class=\"oi_vc_text_span\"><\/p>\n<h3 style=\"text-align: center;\"><a href=\"contatos\/\">CONTATOS<\/a><\/h3>\n<p><\/div>\n\t\t\t   <\/div>[\/vc_column_inner][vc_column_inner width=&#8221;1\/3&#8243;]<div class=\"st_sf_strange_portfolio_item st_sf_port_style_ii\">\n        <div class=\"st_sf_vc_potrfolio item_height_x1\" style=\"background:url(http:\/\/www.saltodigital.com.br\/go\/wp-content\/uploads\/2017\/11\/reveillon-do-golf.jpg);\">\n            <a href=\"http:\/\/www.saltodigital.com.br\/go\/portfolio\/reveillon-do-golf\">\n            <div class=\"st_sf_vc_port_mask\"  style=\"background:#cdbf90\">\n                <div class=\"text-center\">\n                    <div class=\"hover_overlay\">\n                        <h3 class=\"st_sf_sub_legend\" style=\"color:#000\">R\u00e9veillon do Golf<\/h3>\n                        <div class=\"st_sf_vc_sep\" style=\"background:#000\"><\/div>\n                        <div class=\"st_sf_vc_port_cat\" style=\"color:#000\">7 Tons Eventos<\/div>\n                    <\/div>\n                <\/div>\n            <\/div>\n            <\/a>\n        <\/div>\n    <\/div>[\/vc_column_inner][vc_column_inner width=&#8221;1\/3&#8243;]<div class=\"st_sf_strange_portfolio_item st_sf_port_style_ii\">\n        <div class=\"st_sf_vc_potrfolio item_height_x1\" style=\"background:url(http:\/\/www.saltodigital.com.br\/go\/wp-content\/uploads\/2020\/11\/notebook-ivete.jpg);\">\n            <a href=\"http:\/\/www.saltodigital.com.br\/go\/portfolio\/ivete-sangalo\">\n            <div class=\"st_sf_vc_port_mask\"  style=\"background:#e8e8e8\">\n                <div class=\"text-center\">\n                    <div class=\"hover_overlay\">\n                        <h3 class=\"st_sf_sub_legend\" style=\"color:#000\">Ivete Sangalo<\/h3>\n                        <div class=\"st_sf_vc_sep\" style=\"background:#000\"><\/div>\n                        <div class=\"st_sf_vc_port_cat\" style=\"color:#000\">Web Design<\/div>\n                    <\/div>\n                <\/div>\n            <\/div>\n            <\/a>\n        <\/div>\n    <\/div>[\/vc_column_inner][\/vc_row_inner][\/vc_column][\/vc_row]<\/p>\n","protected":false},"excerpt":{"rendered":"<p>[vc_row el_class=&#8221;stick_row&#8221;][vc_column width=&#8221;1\/3&#8243;][\/vc_column][vc_column width=&#8221;2\/3&#8243;][vc_row_inner][vc_column_inner width=&#8221;2\/3&#8243;][\/vc_column_inner][vc_column_inner width=&#8221;1\/3&#8243;][\/vc_column_inner][\/vc_row_inner][\/vc_column][\/vc_row][vc_row el_class=&#8221;stick_row&#8221;][vc_column width=&#8221;1\/3&#8243;][\/vc_column][vc_column width=&#8221;2\/3&#8243;][vc_row_inner][vc_column_inner width=&#8221;1\/3&#8243;][\/vc_column_inner][vc_column_inner width=&#8221;1\/3&#8243;][\/vc_column_inner][vc_column_inner width=&#8221;1\/3&#8243;][\/vc_column_inner][\/vc_row_inner][\/vc_column][\/vc_row][vc_row el_class=&#8221;stick_row&#8221;][vc_column width=&#8221;1\/3&#8243;][\/vc_column][vc_column width=&#8221;2\/3&#8243;][vc_row_inner][vc_column_inner width=&#8221;2\/3&#8243;][\/vc_column_inner][vc_column_inner width=&#8221;1\/3&#8243;][\/vc_column_inner][\/vc_row_inner][\/vc_column][\/vc_row][vc_row el_class=&#8221;stick_row&#8221;][vc_column width=&#8221;1\/3&#8243;][\/vc_column][vc_column width=&#8221;2\/3&#8243;][vc_row_inner][vc_column_inner width=&#8221;1\/3&#8243;][\/vc_column_inner][vc_column_inner width=&#8221;1\/3&#8243;][\/vc_column_inner][vc_column_inner width=&#8221;1\/3&#8243;][\/vc_column_inner][\/vc_row_inner][\/vc_column][\/vc_row]<\/p>\n","protected":false},"author":1,"featured_media":0,"parent":0,"menu_order":0,"comment_status":"closed","ping_status":"closed","template":"","meta":{"footnotes":""},"yoast_head":"<!-- This site is optimized with the Yoast SEO plugin v15.9.2 - https:\/\/yoast.com\/wordpress\/plugins\/seo\/ -->\n<title>SD - Salto Digital &raquo; Ag\u00eancia de marketing digital em Fortaleza | S\u00e3o Paulo | Goi\u00e2nia | Bras\u00edlia<\/title>\n<meta name=\"description\" content=\"Ag\u00eancia de publicidade e marketing digital em Fortaleza e S\u00e3o Paulo, atendemos todo o Brasil. (Cria\u00e7\u00e3o de Sites \/ Gest\u00e3o de Redes Sociais \/ Identidade Visual \/ Gerenciamento de An\u00fancios)\" \/>\n<link rel=\"canonical\" href=\"http:\/\/www.saltodigital.com.br\/go\/\" \/>\n<meta property=\"og:locale\" content=\"pt_BR\" \/>\n<meta property=\"og:type\" content=\"article\" \/>\n<meta property=\"og:title\" content=\"SD - Salto Digital &raquo; Ag\u00eancia de marketing digital em Fortaleza | S\u00e3o Paulo | Goi\u00e2nia | Bras\u00edlia\" \/>\n<meta property=\"og:description\" content=\"Ag\u00eancia de publicidade e marketing digital em Fortaleza e S\u00e3o Paulo, atendemos todo o Brasil. (Cria\u00e7\u00e3o de Sites \/ Gest\u00e3o de Redes Sociais \/ Identidade Visual \/ Gerenciamento de An\u00fancios)\" \/>\n<meta property=\"og:url\" content=\"http:\/\/www.saltodigital.com.br\/go\/\" \/>\n<meta property=\"og:site_name\" content=\"SD - Salto Digital\" \/>\n<meta property=\"article:publisher\" content=\"https:\/\/www.facebook.com\/saltodigital\" \/>\n<meta property=\"article:modified_time\" content=\"2021-03-04T23:58:40+00:00\" \/>\n<meta property=\"og:image\" content=\"http:\/\/www.saltodigital.com.br\/go\/wp-content\/uploads\/2021\/03\/34.jpg\" \/>\n\t<meta property=\"og:image:width\" content=\"500\" \/>\n\t<meta property=\"og:image:height\" content=\"500\" \/>\n<meta name=\"twitter:card\" content=\"summary_large_image\" \/>\n<meta name=\"twitter:title\" content=\"SD - Salto Digital &raquo; Ag\u00eancia de marketing digital em Fortaleza | S\u00e3o Paulo | Goi\u00e2nia | Bras\u00edlia\" \/>\n<meta name=\"twitter:image\" content=\"http:\/\/www.saltodigital.com.br\/go\/wp-content\/uploads\/2021\/03\/34.jpg\" \/>\n<meta name=\"twitter:site\" content=\"@saltoalto\" \/>\n<meta name=\"twitter:label1\" content=\"Est. reading time\">\n\t<meta name=\"twitter:data1\" content=\"2 minutos\">\n<script type=\"application\/ld+json\" class=\"yoast-schema-graph\">{\"@context\":\"https:\/\/schema.org\",\"@graph\":[{\"@type\":\"Organization\",\"@id\":\"http:\/\/www.saltodigital.com.br\/go\/#organization\",\"name\":\"SD Comunica\\u00e7\\u00e3o\",\"url\":\"http:\/\/www.saltodigital.com.br\/go\/\",\"sameAs\":[\"https:\/\/www.facebook.com\/saltodigital\",\"http:\/\/instagram.com\/saltodigital\",\"https:\/\/twitter.com\/saltoalto\"],\"logo\":{\"@type\":\"ImageObject\",\"@id\":\"http:\/\/www.saltodigital.com.br\/go\/#logo\",\"inLanguage\":\"pt-BR\",\"url\":\"http:\/\/www.saltodigital.com.br\/go\/wp-content\/uploads\/2021\/03\/logo-site.png\",\"width\":235,\"height\":84,\"caption\":\"SD Comunica\\u00e7\\u00e3o\"},\"image\":{\"@id\":\"http:\/\/www.saltodigital.com.br\/go\/#logo\"}},{\"@type\":\"WebSite\",\"@id\":\"http:\/\/www.saltodigital.com.br\/go\/#website\",\"url\":\"http:\/\/www.saltodigital.com.br\/go\/\",\"name\":\"SD - Salto Digital\",\"description\":\"Ag\\u00eancia de marketing digital em Fortaleza | S\\u00e3o Paulo | Goi\\u00e2nia | Bras\\u00edlia\",\"publisher\":{\"@id\":\"http:\/\/www.saltodigital.com.br\/go\/#organization\"},\"potentialAction\":[{\"@type\":\"SearchAction\",\"target\":\"http:\/\/www.saltodigital.com.br\/go\/?s={search_term_string}\",\"query-input\":\"required name=search_term_string\"}],\"inLanguage\":\"pt-BR\"},{\"@type\":\"ImageObject\",\"@id\":\"http:\/\/www.saltodigital.com.br\/go\/#primaryimage\",\"inLanguage\":\"pt-BR\",\"url\":\"http:\/\/www.saltodigital.com.br\/go\/wp-content\/uploads\/2020\/11\/ico-wpp.png\",\"width\":16,\"height\":16},{\"@type\":\"WebPage\",\"@id\":\"http:\/\/www.saltodigital.com.br\/go\/#webpage\",\"url\":\"http:\/\/www.saltodigital.com.br\/go\/\",\"name\":\"SD - Salto Digital &raquo; Ag\\u00eancia de marketing digital em Fortaleza | S\\u00e3o Paulo | Goi\\u00e2nia | Bras\\u00edlia\",\"isPartOf\":{\"@id\":\"http:\/\/www.saltodigital.com.br\/go\/#website\"},\"primaryImageOfPage\":{\"@id\":\"http:\/\/www.saltodigital.com.br\/go\/#primaryimage\"},\"datePublished\":\"2017-11-07T06:10:16+00:00\",\"dateModified\":\"2021-03-04T23:58:40+00:00\",\"description\":\"Ag\\u00eancia de publicidade e marketing digital em Fortaleza e S\\u00e3o Paulo, atendemos todo o Brasil. (Cria\\u00e7\\u00e3o de Sites \/ Gest\\u00e3o de Redes Sociais \/ Identidade Visual \/ Gerenciamento de An\\u00fancios)\",\"breadcrumb\":{\"@id\":\"http:\/\/www.saltodigital.com.br\/go\/#breadcrumb\"},\"inLanguage\":\"pt-BR\",\"potentialAction\":[{\"@type\":\"ReadAction\",\"target\":[\"http:\/\/www.saltodigital.com.br\/go\/\"]}]},{\"@type\":\"BreadcrumbList\",\"@id\":\"http:\/\/www.saltodigital.com.br\/go\/#breadcrumb\",\"itemListElement\":[{\"@type\":\"ListItem\",\"position\":1,\"item\":{\"@type\":\"WebPage\",\"@id\":\"http:\/\/www.saltodigital.com.br\/go\/\",\"url\":\"http:\/\/www.saltodigital.com.br\/go\/\",\"name\":\"In\\u00edcio\"}},{\"@type\":\"ListItem\",\"position\":2,\"item\":{\"@type\":\"WebPage\",\"@id\":\"http:\/\/www.saltodigital.com.br\/go\/\",\"url\":\"http:\/\/www.saltodigital.com.br\/go\/\",\"name\":\"Home\"}}]}]}<\/script>\n<!-- \/ Yoast SEO plugin. -->","_links":{"self":[{"href":"http:\/\/www.saltodigital.com.br\/go\/wp-json\/wp\/v2\/pages\/4045"}],"collection":[{"href":"http:\/\/www.saltodigital.com.br\/go\/wp-json\/wp\/v2\/pages"}],"about":[{"href":"http:\/\/www.saltodigital.com.br\/go\/wp-json\/wp\/v2\/types\/page"}],"author":[{"embeddable":true,"href":"http:\/\/www.saltodigital.com.br\/go\/wp-json\/wp\/v2\/users\/1"}],"replies":[{"embeddable":true,"href":"http:\/\/www.saltodigital.com.br\/go\/wp-json\/wp\/v2\/comments?post=4045"}],"version-history":[{"count":9,"href":"http:\/\/www.saltodigital.com.br\/go\/wp-json\/wp\/v2\/pages\/4045\/revisions"}],"predecessor-version":[{"id":4566,"href":"http:\/\/www.saltodigital.com.br\/go\/wp-json\/wp\/v2\/pages\/4045\/revisions\/4566"}],"wp:attachment":[{"href":"http:\/\/www.saltodigital.com.br\/go\/wp-json\/wp\/v2\/media?parent=4045"}],"curies":[{"name":"wp","href":"https:\/\/api.w.org\/{rel}","templated":true}]}}